{"id":20,"date":"2026-02-03T17:35:59","date_gmt":"2026-02-03T16:35:59","guid":{"rendered":"https:\/\/gabinetpedago.pl\/?page_id=20"},"modified":"2026-02-03T19:33:19","modified_gmt":"2026-02-03T18:33:19","slug":"o-mnie","status":"publish","type":"page","link":"https:\/\/gabinetpedago.pl\/?page_id=20","title":{"rendered":"O mnie"},"content":{"rendered":"\n<div class=\"wp-block-columns is-layout-flex wp-container-core-columns-is-layout-612bf1d0 wp-block-columns-is-layout-flex\" style=\"margin-top:10px;margin-bottom:10px\">\n<div class=\"wp-block-column is-layout-flow wp-block-column-is-layout-flow\">\n<p style=\"margin-right:15px\">Nazywam si\u0119 Kamila Smieszek-Spr\u0119\u017cyna. Jestem pedagogiem z wieloletnim do\u015bwiadczeniem w pracy z dzie\u0107mi oraz m\u0142odzie\u017c\u0105. Przez lata wspiera\u0142am rozw\u00f3j dzieci i m\u0142odych ludzi na r\u00f3\u017cnych etapach ich \u017cycia \u2013 od najm\u0142odszych po m\u0142odzie\u017c w wieku dorastania.<\/p>\n\n\n\n<p style=\"margin-right:15px\">Swoje do\u015bwiadczenie zawodowe zdobywa\u0142am m.in. jako wieloletni pracownik poradni psychologiczno-pedagogicznej, gdzie pracowa\u0142am z dzie\u0107mi, m\u0142odzie\u017c\u0105 oraz ich rodzinami, a tak\u017ce jako pracownik publicznego przedszkola, wspieraj\u0105c rozw\u00f3j najm\u0142odszych w codziennej pracy edukacyjno-wychowawczej.<\/p>\n\n\n\n<p style=\"margin-right:15px\">Od pa\u017adziernika  2025 roku jestem w\u0142a\u015bcicielk\u0105 prywatnego gabinetu pedagogicznego PedaGo, w kt\u00f3rym oferuj\u0119 indywidualne, dostosowane do potrzeb dziecka wsparcie pedagogiczne w bezpiecznej i przyjaznej atmosferze.<\/p>\n\n\n\n<h3 class=\"wp-block-heading\" style=\"margin-top:50px;margin-right:0;margin-left:0\">Jestem:<\/h3>\n\n\n\n<ul class=\"wp-block-list\">\n<li style=\"margin-right:15px\">pedagogiem resocjalizacyjnym<\/li>\n\n\n\n<li style=\"margin-right:15px\">profilaktykiem spo\u0142ecznym<\/li>\n\n\n\n<li style=\"margin-right:15px\">surdopedagogiem<\/li>\n\n\n\n<li style=\"margin-right:15px\">terapeut\u0105 pedagogicznym<\/li>\n\n\n\n<li style=\"margin-right:15px\">trenerem Treningu Umiej\u0119tno\u015bci Spo\u0142ecznych (TUS)<\/li>\n\n\n\n<li style=\"margin-right:15px\">trenerem terapii r\u0119ki<\/li>\n\n\n\n<li style=\"margin-right:15px;margin-bottom:50px\">w trakcie studi\u00f3w podyplomowych z zakresu pracy z osobami w spektrum autyzmu oraz z niepe\u0142nosprawno\u015bciami intelektualnymi<br><\/li>\n<\/ul>\n\n\n\n<p style=\"margin-right:15px\"><em>W swojej pracy kieruj\u0119 si\u0119 empati\u0105, uwa\u017cno\u015bci\u0105 i indywidualnym podej\u015bciem do ka\u017cdego dziecka. Wierz\u0119, \u017ce ka\u017cde dziecko ma potencja\u0142, kt\u00f3ry odpowiednio wsparty mo\u017ce si\u0119 rozwija\u0107 i prowadzi\u0107 do budowania dobrej, pewnej przysz\u0142o\u015bci.<\/em><\/p>\n<\/div>\n\n\n\n<div class=\"wp-block-column is-layout-flow wp-block-column-is-layout-flow\">\n<figure class=\"wp-block-image size-large is-resized has-custom-border is-style-rounded\"><img loading=\"lazy\" decoding=\"async\" width=\"678\" height=\"1024\" src=\"https:\/\/gabinetpedago.pl\/wp-content\/uploads\/2026\/02\/portret-678x1024.jpg\" alt=\"Zdj\u0119cie portretowe przedstawiaj\u0105ce pedagog Kamil\u0119 Smieszek-Spr\u0119\u017cyn\u0119.\" class=\"wp-image-18\" style=\"border-top-left-radius:12px;border-top-right-radius:12px;border-bottom-left-radius:12px;border-bottom-right-radius:12px;width:500px\" srcset=\"https:\/\/gabinetpedago.pl\/wp-content\/uploads\/2026\/02\/portret-678x1024.jpg 678w, https:\/\/gabinetpedago.pl\/wp-content\/uploads\/2026\/02\/portret-199x300.jpg 199w, https:\/\/gabinetpedago.pl\/wp-content\/uploads\/2026\/02\/portret-768x1161.jpg 768w, https:\/\/gabinetpedago.pl\/wp-content\/uploads\/2026\/02\/portret-1016x1536.jpg 1016w, https:\/\/gabinetpedago.pl\/wp-content\/uploads\/2026\/02\/portret.jpg 1080w\" sizes=\"auto, (max-width: 678px) 100vw, 678px\" \/><\/figure>\n<\/div>\n<\/div>\n","protected":false},"excerpt":{"rendered":"<p>Nazywam si\u0119 Kamila Smieszek-Spr\u0119\u017cyna. Jestem pedagogiem z wieloletnim do\u015bwiadczeniem w pracy z dzie\u0107mi oraz m\u0142odzie\u017c\u0105. Przez lata wspiera\u0142am rozw\u00f3j dzieci i m\u0142odych ludzi na r\u00f3\u017cnych etapach ich \u017cycia \u2013 od najm\u0142odszych po m\u0142odzie\u017c w wieku dorastania. Swoje do\u015bwiadczenie zawodowe zdobywa\u0142am m.in. jako wieloletni pracownik poradni psychologiczno-pedagogicznej, gdzie pracowa\u0142am z dzie\u0107mi, m\u0142odzie\u017c\u0105 oraz ich rodzinami, a [&hellip;]<\/p>\n","protected":false},"author":1,"featured_media":0,"parent":0,"menu_order":0,"comment_status":"closed","ping_status":"closed","template":"","meta":{"site-sidebar-layout":"default","site-content-layout":"","ast-site-content-layout":"default","site-content-style":"default","site-sidebar-style":"default","ast-global-header-display":"","ast-banner-title-visibility":"","ast-main-header-display":"","ast-hfb-above-header-display":"","ast-hfb-below-header-display":"","ast-hfb-mobile-header-display":"","site-post-title":"","ast-breadcrumbs-content":"","ast-featured-img":"","footer-sml-layout":"","ast-disable-related-posts":"","theme-transparent-header-meta":"","adv-header-id-meta":"","stick-header-meta":"","header-above-stick-meta":"","header-main-stick-meta":"","header-below-stick-meta":"","astra-migrate-meta-layouts":"default","ast-page-background-enabled":"default","ast-page-background-meta":{"desktop":{"background-color":"var(--ast-global-color-5)","background-image":"","background-repeat":"repeat","background-position":"center center","background-size":"auto","background-attachment":"scroll","background-type":"","background-media":"","overlay-type":"","overlay-color":"","overlay-opacity":"","overlay-gradient":""},"tablet":{"background-color":"","background-image":"","background-repeat":"repeat","background-position":"center center","background-size":"auto","background-attachment":"scroll","background-type":"","background-media":"","overlay-type":"","overlay-color":"","overlay-opacity":"","overlay-gradient":""},"mobile":{"background-color":"","background-image":"","background-repeat":"repeat","background-position":"center center","background-size":"auto","background-attachment":"scroll","background-type":"","background-media":"","overlay-type":"","overlay-color":"","overlay-opacity":"","overlay-gradient":""}},"ast-content-background-meta":{"desktop":{"background-color":"var(--ast-global-color-4)","background-image":"","background-repeat":"repeat","background-position":"center center","background-size":"auto","background-attachment":"scroll","background-type":"","background-media":"","overlay-type":"","overlay-color":"","overlay-opacity":"","overlay-gradient":""},"tablet":{"background-color":"var(--ast-global-color-4)","background-image":"","background-repeat":"repeat","background-position":"center center","background-size":"auto","background-attachment":"scroll","background-type":"","background-media":"","overlay-type":"","overlay-color":"","overlay-opacity":"","overlay-gradient":""},"mobile":{"background-color":"var(--ast-global-color-4)","background-image":"","background-repeat":"repeat","background-position":"center center","background-size":"auto","background-attachment":"scroll","background-type":"","background-media":"","overlay-type":"","overlay-color":"","overlay-opacity":"","overlay-gradient":""}},"footnotes":""},"class_list":["post-20","page","type-page","status-publish","hentry"],"_links":{"self":[{"href":"https:\/\/gabinetpedago.pl\/index.php?rest_route=\/wp\/v2\/pages\/20","targetHints":{"allow":["GET"]}}],"collection":[{"href":"https:\/\/gabinetpedago.pl\/index.php?rest_route=\/wp\/v2\/pages"}],"about":[{"href":"https:\/\/gabinetpedago.pl\/index.php?rest_route=\/wp\/v2\/types\/page"}],"author":[{"embeddable":true,"href":"https:\/\/gabinetpedago.pl\/index.php?rest_route=\/wp\/v2\/users\/1"}],"replies":[{"embeddable":true,"href":"https:\/\/gabinetpedago.pl\/index.php?rest_route=%2Fwp%2Fv2%2Fcomments&post=20"}],"version-history":[{"count":3,"href":"https:\/\/gabinetpedago.pl\/index.php?rest_route=\/wp\/v2\/pages\/20\/revisions"}],"predecessor-version":[{"id":58,"href":"https:\/\/gabinetpedago.pl\/index.php?rest_route=\/wp\/v2\/pages\/20\/revisions\/58"}],"wp:attachment":[{"href":"https:\/\/gabinetpedago.pl\/index.php?rest_route=%2Fwp%2Fv2%2Fmedia&parent=20"}],"curies":[{"name":"wp","href":"https:\/\/api.w.org\/{rel}","templated":true}]}}