{"id":26,"date":"2026-02-03T17:45:13","date_gmt":"2026-02-03T16:45:13","guid":{"rendered":"https:\/\/gabinetpedago.pl\/?page_id=26"},"modified":"2026-02-03T21:22:20","modified_gmt":"2026-02-03T20:22:20","slug":"dla-kogo","status":"publish","type":"page","link":"https:\/\/gabinetpedago.pl\/?page_id=26","title":{"rendered":"Dla kogo?"},"content":{"rendered":"\n<p>Pomoc oferowana w gabinecie pedagogicznym PedaGo skierowana jest do dzieci i m\u0142odzie\u017cy, kt\u00f3rzy potrzebuj\u0105 wsparcia w swoim rozwoju, nauce lub codziennym funkcjonowaniu.<\/p>\n\n\n\n<h2 class=\"wp-block-heading\"><strong>Dla kogo skierowana jest pomoc?<\/strong><\/h2>\n\n\n\n<h3 class=\"wp-block-heading\">Zapraszam dzieci:<\/h3>\n\n\n\n<ul class=\"wp-block-list\">\n<li>z trudno\u015bciami w nauce czytania, pisania i liczenia<\/li>\n\n\n\n<li>maj\u0105ce problemy z koncentracj\u0105 uwagi i nadpobudliwo\u015bci\u0105<\/li>\n\n\n\n<li>do\u015bwiadczaj\u0105ce trudno\u015bci emocjonalnych i spo\u0142ecznych<\/li>\n\n\n\n<li>potrzebuj\u0105ce wsparcia w rozwijaniu umiej\u0119tno\u015bci spo\u0142ecznych<\/li>\n\n\n\n<li>z op\u00f3\u017anieniami rozwojowymi lub ryzykiem dysleksji<\/li>\n\n\n\n<li>z trudno\u015bciami sensorycznymi, grafomotorycznymi lub s\u0142uchowymi<\/li>\n<\/ul>\n\n\n\n<h3 class=\"wp-block-heading\"><strong>Wsparcie dla rodzic\u00f3w i nauczycieli<\/strong><\/h3>\n\n\n\n<p>Wsparcie kieruj\u0119 r\u00f3wnie\u017c do rodzic\u00f3w i nauczycieli, kt\u00f3rzy poszukuj\u0105 rzetelnej diagnozy, wskaz\u00f3wek wychowawczych oraz konkretnych zalece\u0144 do dalszej pracy z dzieckiem.<\/p>\n\n\n\n<p style=\"margin-top:15px\"><em>W PedaGo ka\u017cde dziecko traktowane jest indywidualnie \u2013 z uwa\u017cno\u015bci\u0105, empati\u0105 i szacunkiem do jego tempa rozwoju oraz potrzeb.<\/em><\/p>\n\n\n\n<p><\/p>\n","protected":false},"excerpt":{"rendered":"<p>Pomoc oferowana w gabinecie pedagogicznym PedaGo skierowana jest do dzieci i m\u0142odzie\u017cy, kt\u00f3rzy potrzebuj\u0105 wsparcia w swoim rozwoju, nauce lub codziennym funkcjonowaniu. Dla kogo skierowana jest pomoc? Zapraszam dzieci: Wsparcie dla rodzic\u00f3w i nauczycieli Wsparcie kieruj\u0119 r\u00f3wnie\u017c do rodzic\u00f3w i nauczycieli, kt\u00f3rzy poszukuj\u0105 rzetelnej diagnozy, wskaz\u00f3wek wychowawczych oraz konkretnych zalece\u0144 do dalszej pracy z dzieckiem. [&hellip;]<\/p>\n","protected":false},"author":1,"featured_media":0,"parent":0,"menu_order":0,"comment_status":"closed","ping_status":"closed","template":"","meta":{"site-sidebar-layout":"default","site-content-layout":"","ast-site-content-layout":"default","site-content-style":"default","site-sidebar-style":"default","ast-global-header-display":"","ast-banner-title-visibility":"","ast-main-header-display":"","ast-hfb-above-header-display":"","ast-hfb-below-header-display":"","ast-hfb-mobile-header-display":"","site-post-title":"","ast-breadcrumbs-content":"","ast-featured-img":"","footer-sml-layout":"","ast-disable-related-posts":"","theme-transparent-header-meta":"","adv-header-id-meta":"","stick-header-meta":"","header-above-stick-meta":"","header-main-stick-meta":"","header-below-stick-meta":"","astra-migrate-meta-layouts":"default","ast-page-background-enabled":"default","ast-page-background-meta":{"desktop":{"background-color":"var(--ast-global-color-5)","background-image":"","background-repeat":"repeat","background-position":"center center","background-size":"auto","background-attachment":"scroll","background-type":"","background-media":"","overlay-type":"","overlay-color":"","overlay-opacity":"","overlay-gradient":""},"tablet":{"background-color":"","background-image":"","background-repeat":"repeat","background-position":"center center","background-size":"auto","background-attachment":"scroll","background-type":"","background-media":"","overlay-type":"","overlay-color":"","overlay-opacity":"","overlay-gradient":""},"mobile":{"background-color":"","background-image":"","background-repeat":"repeat","background-position":"center center","background-size":"auto","background-attachment":"scroll","background-type":"","background-media":"","overlay-type":"","overlay-color":"","overlay-opacity":"","overlay-gradient":""}},"ast-content-background-meta":{"desktop":{"background-color":"var(--ast-global-color-4)","background-image":"","background-repeat":"repeat","background-position":"center center","background-size":"auto","background-attachment":"scroll","background-type":"","background-media":"","overlay-type":"","overlay-color":"","overlay-opacity":"","overlay-gradient":""},"tablet":{"background-color":"var(--ast-global-color-4)","background-image":"","background-repeat":"repeat","background-position":"center center","background-size":"auto","background-attachment":"scroll","background-type":"","background-media":"","overlay-type":"","overlay-color":"","overlay-opacity":"","overlay-gradient":""},"mobile":{"background-color":"var(--ast-global-color-4)","background-image":"","background-repeat":"repeat","background-position":"center center","background-size":"auto","background-attachment":"scroll","background-type":"","background-media":"","overlay-type":"","overlay-color":"","overlay-opacity":"","overlay-gradient":""}},"footnotes":""},"class_list":["post-26","page","type-page","status-publish","hentry"],"_links":{"self":[{"href":"https:\/\/gabinetpedago.pl\/index.php?rest_route=\/wp\/v2\/pages\/26","targetHints":{"allow":["GET"]}}],"collection":[{"href":"https:\/\/gabinetpedago.pl\/index.php?rest_route=\/wp\/v2\/pages"}],"about":[{"href":"https:\/\/gabinetpedago.pl\/index.php?rest_route=\/wp\/v2\/types\/page"}],"author":[{"embeddable":true,"href":"https:\/\/gabinetpedago.pl\/index.php?rest_route=\/wp\/v2\/users\/1"}],"replies":[{"embeddable":true,"href":"https:\/\/gabinetpedago.pl\/index.php?rest_route=%2Fwp%2Fv2%2Fcomments&post=26"}],"version-history":[{"count":2,"href":"https:\/\/gabinetpedago.pl\/index.php?rest_route=\/wp\/v2\/pages\/26\/revisions"}],"predecessor-version":[{"id":53,"href":"https:\/\/gabinetpedago.pl\/index.php?rest_route=\/wp\/v2\/pages\/26\/revisions\/53"}],"wp:attachment":[{"href":"https:\/\/gabinetpedago.pl\/index.php?rest_route=%2Fwp%2Fv2%2Fmedia&parent=26"}],"curies":[{"name":"wp","href":"https:\/\/api.w.org\/{rel}","templated":true}]}}