{"id":28,"date":"2026-02-03T17:46:05","date_gmt":"2026-02-03T16:46:05","guid":{"rendered":"https:\/\/gabinetpedago.pl\/?page_id=28"},"modified":"2026-02-03T21:35:30","modified_gmt":"2026-02-03T20:35:30","slug":"jak-pracuje","status":"publish","type":"page","link":"https:\/\/gabinetpedago.pl\/?page_id=28","title":{"rendered":"Jak pracuj\u0119?"},"content":{"rendered":"\n<p>W swojej pracy stawiam na relacj\u0119, poczucie bezpiecze\u0144stwa i rado\u015b\u0107 z dzia\u0142ania. Wierz\u0119, \u017ce dziecko najlepiej uczy si\u0119 wtedy, gdy czuje si\u0119 swobodnie, jest zaciekawione i ma przestrze\u0144 do bycia sob\u0105.<\/p>\n\n\n\n<p>Zaj\u0119cia prowadz\u0119 w formie zabawy, wykorzystuj\u0105c r\u00f3\u017cnorodne, cz\u0119sto og\u00f3lnodost\u0119pne materia\u0142y i pomoce, kt\u00f3re dziecko mo\u017ce p\u00f3\u017aniej spotka\u0107 tak\u017ce w domu czy w szkole. Dzi\u0119ki temu \u0142atwiej przenie\u015b\u0107 nowe umiej\u0119tno\u015bci do codziennego funkcjonowania.<\/p>\n\n\n\n<p style=\"margin-top:15px\">Podczas spotka\u0144 \u0142\u0105cz\u0119:<\/p>\n\n\n\n<ul class=\"wp-block-list\">\n<li>prace stolikowe<\/li>\n\n\n\n<li>aktywno\u015bci ruchowe<\/li>\n\n\n\n<li>elementy zabaw sensorycznych<\/li>\n\n\n\n<li style=\"margin-bottom:15px\">\u0107wiczenia rozwijaj\u0105ce koncentracj\u0119, my\u015blenie i komunikacj\u0119<\/li>\n<\/ul>\n\n\n\n<p><em>Ka\u017cde zaj\u0119cia s\u0105 dostosowane do wieku, mo\u017cliwo\u015bci i aktualnych potrzeb dziecka, a tempo pracy dobierane indywidualnie. Staram si\u0119, aby czas sp\u0119dzony w gabinecie by\u0142 dla dziecka nie tylko prac\u0105 nad trudno\u015bciami, ale tak\u017ce pozytywnym do\u015bwiadczeniem wzmacniaj\u0105cym pewno\u015b\u0107 siebie i motywacj\u0119 do dalszego rozwoju.<\/em><\/p>\n\n\n\n<p><\/p>\n","protected":false},"excerpt":{"rendered":"<p>W swojej pracy stawiam na relacj\u0119, poczucie bezpiecze\u0144stwa i rado\u015b\u0107 z dzia\u0142ania. Wierz\u0119, \u017ce dziecko najlepiej uczy si\u0119 wtedy, gdy czuje si\u0119 swobodnie, jest zaciekawione i ma przestrze\u0144 do bycia sob\u0105. Zaj\u0119cia prowadz\u0119 w formie zabawy, wykorzystuj\u0105c r\u00f3\u017cnorodne, cz\u0119sto og\u00f3lnodost\u0119pne materia\u0142y i pomoce, kt\u00f3re dziecko mo\u017ce p\u00f3\u017aniej spotka\u0107 tak\u017ce w domu czy w szkole. Dzi\u0119ki [&hellip;]<\/p>\n","protected":false},"author":1,"featured_media":0,"parent":0,"menu_order":0,"comment_status":"closed","ping_status":"closed","template":"","meta":{"site-sidebar-layout":"default","site-content-layout":"","ast-site-content-layout":"default","site-content-style":"default","site-sidebar-style":"default","ast-global-header-display":"","ast-banner-title-visibility":"","ast-main-header-display":"","ast-hfb-above-header-display":"","ast-hfb-below-header-display":"","ast-hfb-mobile-header-display":"","site-post-title":"","ast-breadcrumbs-content":"","ast-featured-img":"","footer-sml-layout":"","ast-disable-related-posts":"","theme-transparent-header-meta":"","adv-header-id-meta":"","stick-header-meta":"","header-above-stick-meta":"","header-main-stick-meta":"","header-below-stick-meta":"","astra-migrate-meta-layouts":"default","ast-page-background-enabled":"default","ast-page-background-meta":{"desktop":{"background-color":"var(--ast-global-color-5)","background-image":"","background-repeat":"repeat","background-position":"center center","background-size":"auto","background-attachment":"scroll","background-type":"","background-media":"","overlay-type":"","overlay-color":"","overlay-opacity":"","overlay-gradient":""},"tablet":{"background-color":"","background-image":"","background-repeat":"repeat","background-position":"center center","background-size":"auto","background-attachment":"scroll","background-type":"","background-media":"","overlay-type":"","overlay-color":"","overlay-opacity":"","overlay-gradient":""},"mobile":{"background-color":"","background-image":"","background-repeat":"repeat","background-position":"center center","background-size":"auto","background-attachment":"scroll","background-type":"","background-media":"","overlay-type":"","overlay-color":"","overlay-opacity":"","overlay-gradient":""}},"ast-content-background-meta":{"desktop":{"background-color":"var(--ast-global-color-4)","background-image":"","background-repeat":"repeat","background-position":"center center","background-size":"auto","background-attachment":"scroll","background-type":"","background-media":"","overlay-type":"","overlay-color":"","overlay-opacity":"","overlay-gradient":""},"tablet":{"background-color":"var(--ast-global-color-4)","background-image":"","background-repeat":"repeat","background-position":"center center","background-size":"auto","background-attachment":"scroll","background-type":"","background-media":"","overlay-type":"","overlay-color":"","overlay-opacity":"","overlay-gradient":""},"mobile":{"background-color":"var(--ast-global-color-4)","background-image":"","background-repeat":"repeat","background-position":"center center","background-size":"auto","background-attachment":"scroll","background-type":"","background-media":"","overlay-type":"","overlay-color":"","overlay-opacity":"","overlay-gradient":""}},"footnotes":""},"class_list":["post-28","page","type-page","status-publish","hentry"],"_links":{"self":[{"href":"https:\/\/gabinetpedago.pl\/index.php?rest_route=\/wp\/v2\/pages\/28","targetHints":{"allow":["GET"]}}],"collection":[{"href":"https:\/\/gabinetpedago.pl\/index.php?rest_route=\/wp\/v2\/pages"}],"about":[{"href":"https:\/\/gabinetpedago.pl\/index.php?rest_route=\/wp\/v2\/types\/page"}],"author":[{"embeddable":true,"href":"https:\/\/gabinetpedago.pl\/index.php?rest_route=\/wp\/v2\/users\/1"}],"replies":[{"embeddable":true,"href":"https:\/\/gabinetpedago.pl\/index.php?rest_route=%2Fwp%2Fv2%2Fcomments&post=28"}],"version-history":[{"count":2,"href":"https:\/\/gabinetpedago.pl\/index.php?rest_route=\/wp\/v2\/pages\/28\/revisions"}],"predecessor-version":[{"id":55,"href":"https:\/\/gabinetpedago.pl\/index.php?rest_route=\/wp\/v2\/pages\/28\/revisions\/55"}],"wp:attachment":[{"href":"https:\/\/gabinetpedago.pl\/index.php?rest_route=%2Fwp%2Fv2%2Fmedia&parent=28"}],"curies":[{"name":"wp","href":"https:\/\/api.w.org\/{rel}","templated":true}]}}