{"id":30,"date":"2026-02-03T17:47:18","date_gmt":"2026-02-03T16:47:18","guid":{"rendered":"https:\/\/gabinetpedago.pl\/?page_id=30"},"modified":"2026-02-03T21:11:16","modified_gmt":"2026-02-03T20:11:16","slug":"cennik","status":"publish","type":"page","link":"https:\/\/gabinetpedago.pl\/?page_id=30","title":{"rendered":"Cennik"},"content":{"rendered":"\n<h3 class=\"wp-block-heading\">Terapie i treningi indywidualne<\/h3>\n\n\n\n<figure class=\"wp-block-table\"><table><tbody><tr><td>Us\u0142uga<\/td><td>Czas trwania<\/td><td class=\"has-text-align-left\" data-align=\"left\">Cena<\/td><\/tr><tr><td>Terapia pedagogiczna<\/td><td>60 min<\/td><td class=\"has-text-align-left\" data-align=\"left\"><strong>100 z\u0142<\/strong><\/td><\/tr><tr><td>Terapia surdopedagogiczna<\/td><td>60 min<\/td><td class=\"has-text-align-left\" data-align=\"left\"><strong>100 z\u0142<\/strong><\/td><\/tr><tr><td>Terapia r\u0119ki <\/td><td>60 min<\/td><td class=\"has-text-align-left\" data-align=\"left\"><strong>100 z\u0142<\/strong><\/td><\/tr><tr><td>Trening ADHD<\/td><td>60 min<\/td><td class=\"has-text-align-left\" data-align=\"left\"><strong>100 z\u0142<\/strong><\/td><\/tr><tr><td>Terapia pedagogiczna z elementami integracji sensorycznej<\/td><td>60 min<\/td><td class=\"has-text-align-left\" data-align=\"left\"><strong>100 z\u0142<\/strong><\/td><\/tr><\/tbody><\/table><\/figure>\n\n\n\n<hr class=\"wp-block-separator has-alpha-channel-opacity\"\/>\n\n\n\n<h3 class=\"wp-block-heading\">Trening Umiej\u0119tno\u015bci Spo\u0142ecznych (TUS)<\/h3>\n\n\n\n<figure class=\"wp-block-table\"><table class=\"has-fixed-layout\"><tbody><tr><td>Us\u0142uga<\/td><td>Czas trwania<\/td><td>Cena<\/td><\/tr><tr><td>Zaj\u0119cia indywidualne<\/td><td>60 min<\/td><td><strong>100 z\u0142<\/strong><\/td><\/tr><tr><td>Zaj\u0119cia grupowe*<\/td><td>60 min<\/td><td><strong>80 z\u0142 \/ osoba<\/strong><\/td><\/tr><\/tbody><\/table><\/figure>\n\n\n\n<p style=\"margin-top:0;margin-bottom:0\"><em>*(grupy 4-osobowe)<\/em><\/p>\n\n\n\n<hr class=\"wp-block-separator has-alpha-channel-opacity\"\/>\n\n\n\n<h3 class=\"wp-block-heading\">Diagnoza pedagogiczna<\/h3>\n\n\n\n<figure class=\"wp-block-table\"><table><tbody><tr><td>Rodzaj diagnozy<\/td><td>Cena<\/td><\/tr><tr><td>Diagnoza rozwoju psychoruchowego (KORP)<\/td><td><strong>400 z\u0142<\/strong><\/td><\/tr><tr><td>Diagnoza gotowo\u015bci szkolnej (KOGS)<\/td><td><strong>380 z\u0142<\/strong><\/td><\/tr><tr><td>Diagnoza zachowania i emocji (KOZE)<\/td><td><strong>380 z\u0142<\/strong><\/td><\/tr><tr><td>Ocena ryzyka dysleksji<\/td><td><strong>250 z\u0142<\/strong><\/td><\/tr><\/tbody><\/table><\/figure>\n\n\n\n<h4 class=\"wp-block-heading\">Cena diagnozy obejmuje:<\/h4>\n\n\n\n<ul class=\"wp-block-list\">\n<li>przeprowadzenie badania<\/li>\n\n\n\n<li>om\u00f3wienie wynik\u00f3w z rodzicem<\/li>\n\n\n\n<li>pisemne wnioski i zalecenia do dalszej pracy<\/li>\n<\/ul>\n\n\n\n<hr class=\"wp-block-separator has-alpha-channel-opacity\"\/>\n\n\n\n<h3 class=\"wp-block-heading\">Konsultacje<\/h3>\n\n\n\n<figure class=\"wp-block-table\"><table><tbody><tr><td>Us\u0142uga<\/td><td>Czas trwania<\/td><td>Cena<\/td><\/tr><tr><td>Konsultacja dla rodzic\u00f3w \/ nauczycieli<\/td><td>40 min<\/td><td><strong>60 z\u0142<\/strong><\/td><\/tr><\/tbody><\/table><\/figure>\n\n\n\n<hr class=\"wp-block-separator has-alpha-channel-opacity\"\/>\n","protected":false},"excerpt":{"rendered":"<p>Terapie i treningi indywidualne Us\u0142uga Czas trwania Cena Terapia pedagogiczna 60 min 100 z\u0142 Terapia surdopedagogiczna 60 min 100 z\u0142 Terapia r\u0119ki 60 min 100 z\u0142 Trening ADHD 60 min 100 z\u0142 Terapia pedagogiczna z elementami integracji sensorycznej 60 min 100 z\u0142 Trening Umiej\u0119tno\u015bci Spo\u0142ecznych (TUS) Us\u0142uga Czas trwania Cena Zaj\u0119cia indywidualne 60 min 100 [&hellip;]<\/p>\n","protected":false},"author":1,"featured_media":0,"parent":0,"menu_order":0,"comment_status":"closed","ping_status":"closed","template":"","meta":{"site-sidebar-layout":"default","site-content-layout":"","ast-site-content-layout":"default","site-content-style":"default","site-sidebar-style":"default","ast-global-header-display":"","ast-banner-title-visibility":"","ast-main-header-display":"","ast-hfb-above-header-display":"","ast-hfb-below-header-display":"","ast-hfb-mobile-header-display":"","site-post-title":"","ast-breadcrumbs-content":"","ast-featured-img":"","footer-sml-layout":"","ast-disable-related-posts":"","theme-transparent-header-meta":"","adv-header-id-meta":"","stick-header-meta":"","header-above-stick-meta":"","header-main-stick-meta":"","header-below-stick-meta":"","astra-migrate-meta-layouts":"default","ast-page-background-enabled":"default","ast-page-background-meta":{"desktop":{"background-color":"var(--ast-global-color-5)","background-image":"","background-repeat":"repeat","background-position":"center center","background-size":"auto","background-attachment":"scroll","background-type":"","background-media":"","overlay-type":"","overlay-color":"","overlay-opacity":"","overlay-gradient":""},"tablet":{"background-color":"","background-image":"","background-repeat":"repeat","background-position":"center center","background-size":"auto","background-attachment":"scroll","background-type":"","background-media":"","overlay-type":"","overlay-color":"","overlay-opacity":"","overlay-gradient":""},"mobile":{"background-color":"","background-image":"","background-repeat":"repeat","background-position":"center center","background-size":"auto","background-attachment":"scroll","background-type":"","background-media":"","overlay-type":"","overlay-color":"","overlay-opacity":"","overlay-gradient":""}},"ast-content-background-meta":{"desktop":{"background-color":"var(--ast-global-color-4)","background-image":"","background-repeat":"repeat","background-position":"center center","background-size":"auto","background-attachment":"scroll","background-type":"","background-media":"","overlay-type":"","overlay-color":"","overlay-opacity":"","overlay-gradient":""},"tablet":{"background-color":"var(--ast-global-color-4)","background-image":"","background-repeat":"repeat","background-position":"center center","background-size":"auto","background-attachment":"scroll","background-type":"","background-media":"","overlay-type":"","overlay-color":"","overlay-opacity":"","overlay-gradient":""},"mobile":{"background-color":"var(--ast-global-color-4)","background-image":"","background-repeat":"repeat","background-position":"center center","background-size":"auto","background-attachment":"scroll","background-type":"","background-media":"","overlay-type":"","overlay-color":"","overlay-opacity":"","overlay-gradient":""}},"footnotes":""},"class_list":["post-30","page","type-page","status-publish","hentry"],"_links":{"self":[{"href":"https:\/\/gabinetpedago.pl\/index.php?rest_route=\/wp\/v2\/pages\/30","targetHints":{"allow":["GET"]}}],"collection":[{"href":"https:\/\/gabinetpedago.pl\/index.php?rest_route=\/wp\/v2\/pages"}],"about":[{"href":"https:\/\/gabinetpedago.pl\/index.php?rest_route=\/wp\/v2\/types\/page"}],"author":[{"embeddable":true,"href":"https:\/\/gabinetpedago.pl\/index.php?rest_route=\/wp\/v2\/users\/1"}],"replies":[{"embeddable":true,"href":"https:\/\/gabinetpedago.pl\/index.php?rest_route=%2Fwp%2Fv2%2Fcomments&post=30"}],"version-history":[{"count":3,"href":"https:\/\/gabinetpedago.pl\/index.php?rest_route=\/wp\/v2\/pages\/30\/revisions"}],"predecessor-version":[{"id":51,"href":"https:\/\/gabinetpedago.pl\/index.php?rest_route=\/wp\/v2\/pages\/30\/revisions\/51"}],"wp:attachment":[{"href":"https:\/\/gabinetpedago.pl\/index.php?rest_route=%2Fwp%2Fv2%2Fmedia&parent=30"}],"curies":[{"name":"wp","href":"https:\/\/api.w.org\/{rel}","templated":true}]}}